{"id":24,"date":"2022-04-16T00:02:02","date_gmt":"2022-04-16T00:02:02","guid":{"rendered":"https:\/\/hosting-pe.net\/noticias\/?page_id=24"},"modified":"2022-04-16T00:11:23","modified_gmt":"2022-04-16T00:11:23","slug":"pagina-a-lc-asociados","status":"publish","type":"page","link":"https:\/\/hosting-pe.net\/noticias\/pagina-a-lc-asociados\/","title":{"rendered":"P\u00e1gina de Inicio"},"content":{"rendered":"\n<p>Desde aqu\u00ed volvemos a la p\u00e1gina de inicio de LC Asociados. Recuerda que encontrar\u00e1s la siguiente informaci\u00f3n:<\/p>\n\n\n\n<p>Address:&nbsp;<strong>Lima &#8211; Per\u00fa<\/strong><\/p>\n\n\n\n<p>Phone:&nbsp;<strong>+ 51 977 305 944<\/strong><br>Email:&nbsp;<strong><a href=\"mailto:lca.gerencia.peru%40gmail.com\">lca.gerencia.peru@gmail.com<\/a><\/strong><br>Business Hours:&nbsp;<strong>8:00 AM a 5:00 PM<\/strong><br><strong>Fin de semana cerrado<\/strong><\/p>\n\n\n\n<p><a href=\"https:\/\/hosting-pe.net\/\" data-type=\"URL\" data-id=\"https:\/\/hosting-pe.net\/\">Presiona para volver a LC Asociados<\/a><\/p>\n","protected":false},"excerpt":{"rendered":"<p>Desde aqu\u00ed volvemos a la p\u00e1gina de inicio de LC Asociados. Recuerda que encontrar\u00e1s la siguiente informaci\u00f3n: Address:&nbsp;Lima &#8211; Per\u00fa Phone:&nbsp;+ 51 977 305 944Email:&nbsp;lca.gerencia.peru@gmail.comBusiness Hours:&nbsp;8:00 AM a 5:00 PMFin de semana cerrado Presiona para volver a LC Asociados<\/p>\n","protected":false},"author":1,"featured_media":0,"parent":0,"menu_order":0,"comment_status":"closed","ping_status":"closed","template":"","meta":{"footnotes":""},"class_list":["post-24","page","type-page","status-publish","hentry"],"_links":{"self":[{"href":"https:\/\/hosting-pe.net\/noticias\/wp-json\/wp\/v2\/pages\/24","targetHints":{"allow":["GET"]}}],"collection":[{"href":"https:\/\/hosting-pe.net\/noticias\/wp-json\/wp\/v2\/pages"}],"about":[{"href":"https:\/\/hosting-pe.net\/noticias\/wp-json\/wp\/v2\/types\/page"}],"author":[{"embeddable":true,"href":"https:\/\/hosting-pe.net\/noticias\/wp-json\/wp\/v2\/users\/1"}],"replies":[{"embeddable":true,"href":"https:\/\/hosting-pe.net\/noticias\/wp-json\/wp\/v2\/comments?post=24"}],"version-history":[{"count":5,"href":"https:\/\/hosting-pe.net\/noticias\/wp-json\/wp\/v2\/pages\/24\/revisions"}],"predecessor-version":[{"id":29,"href":"https:\/\/hosting-pe.net\/noticias\/wp-json\/wp\/v2\/pages\/24\/revisions\/29"}],"wp:attachment":[{"href":"https:\/\/hosting-pe.net\/noticias\/wp-json\/wp\/v2\/media?parent=24"}],"curies":[{"name":"wp","href":"https:\/\/api.w.org\/{rel}","templated":true}]}}