{"id":2,"date":"2022-02-26T17:46:06","date_gmt":"2022-02-26T17:46:06","guid":{"rendered":"https:\/\/hosting-pe.net\/noticias\/?page_id=2"},"modified":"2022-04-15T22:09:35","modified_gmt":"2022-04-15T22:09:35","slug":"acerca","status":"publish","type":"page","link":"https:\/\/hosting-pe.net\/noticias\/acerca\/","title":{"rendered":"Sobre esta secci\u00f3n"},"content":{"rendered":"\n<p>En esta secci\u00f3n encontrar\u00e1s informaci\u00f3n relevante a los servicios y tecnolog\u00edas de las TIC (empresas de Tecnolog\u00edas de la informaci\u00f3n y comunicaciones).<\/p>\n\n\n\n<p>Adicionalmente tocaremos temas espec\u00edficos como: los nombres de dominio, el servicio de Hosting y el poder del correo electr\u00f3nico empresarial o corporativo.<\/p>\n\n\n\n<p>La intenci\u00f3n es ayudar a las empresas a resolver los desaf\u00edos que ofrece la digitalizaci\u00f3n.<\/p>\n\n\n\n<p>Las empresas pueden ser de todo tama\u00f1o, desde las MYPE, PYME, Empresas y Corporaciones. Lo cierto es que nos enfocaremos en las MYPEs, PYMEs y Empresas. El mercado Corporativo tiene una gran oferta el dia de hoy.<\/p>\n\n\n\n<p><\/p>\n\n\n\n<blockquote class=\"wp-block-quote is-layout-flow wp-block-quote-is-layout-flow\"><p>Es obvio que nosotros queremos ayudar a la mayor parte de las empresas, en ese sentido solicitamos que seas parte de esto y nos visites y nos digas si deseas formar parte de esta gran comunidad.<\/p><\/blockquote>\n\n\n\n<p>&#8230; y sobre nosotros:<\/p>\n\n\n\n<blockquote class=\"wp-block-quote is-layout-flow wp-block-quote-is-layout-flow\"><p>Somos una empresa con mucha experiencia y deseamos ser justos con nuestros socios de negocios. As\u00ed que te invitamos a formar parte de esta gran alianza de negocios. Te estaremos esperando&#8230;<\/p><\/blockquote>\n\n\n\n<p><\/p>\n","protected":false},"excerpt":{"rendered":"<p>En esta secci\u00f3n encontrar\u00e1s informaci\u00f3n relevante a los servicios y tecnolog\u00edas de las TIC (empresas de Tecnolog\u00edas de la informaci\u00f3n y comunicaciones). Adicionalmente tocaremos temas espec\u00edficos como: los nombres de dominio, el servicio de Hosting y el poder del correo electr\u00f3nico empresarial o corporativo. La intenci\u00f3n es ayudar a las empresas a resolver los desaf\u00edos [&hellip;]<\/p>\n","protected":false},"author":1,"featured_media":0,"parent":0,"menu_order":0,"comment_status":"closed","ping_status":"closed","template":"","meta":{"footnotes":""},"class_list":["post-2","page","type-page","status-publish","hentry"],"_links":{"self":[{"href":"https:\/\/hosting-pe.net\/noticias\/wp-json\/wp\/v2\/pages\/2","targetHints":{"allow":["GET"]}}],"collection":[{"href":"https:\/\/hosting-pe.net\/noticias\/wp-json\/wp\/v2\/pages"}],"about":[{"href":"https:\/\/hosting-pe.net\/noticias\/wp-json\/wp\/v2\/types\/page"}],"author":[{"embeddable":true,"href":"https:\/\/hosting-pe.net\/noticias\/wp-json\/wp\/v2\/users\/1"}],"replies":[{"embeddable":true,"href":"https:\/\/hosting-pe.net\/noticias\/wp-json\/wp\/v2\/comments?post=2"}],"version-history":[{"count":3,"href":"https:\/\/hosting-pe.net\/noticias\/wp-json\/wp\/v2\/pages\/2\/revisions"}],"predecessor-version":[{"id":10,"href":"https:\/\/hosting-pe.net\/noticias\/wp-json\/wp\/v2\/pages\/2\/revisions\/10"}],"wp:attachment":[{"href":"https:\/\/hosting-pe.net\/noticias\/wp-json\/wp\/v2\/media?parent=2"}],"curies":[{"name":"wp","href":"https:\/\/api.w.org\/{rel}","templated":true}]}}